{"id":20,"date":"2023-12-20T21:17:05","date_gmt":"2023-12-20T18:17:05","guid":{"rendered":"http:\/\/arabaciogluhukuk.com\/?page_id=20"},"modified":"2024-09-19T21:42:26","modified_gmt":"2024-09-19T18:42:26","slug":"anasayfa","status":"publish","type":"page","link":"http:\/\/arabaciogluhukuk.com\/","title":{"rendered":"Anasayfa"},"content":{"rendered":"\n<figure class=\"wp-block-pullquote is-style-default\"><blockquote class=\"has-text-color has-vivid-red-color\"><p><a href=\"http:\/\/arabaciogluhukuk.com\/index.php\/2024\/09\/19\/deport-karari-nedir-deport-karari-nasil-kaldirilir\/\"><img loading=\"lazy\" width=\"730\" height=\"380\" class=\"wp-image-745\" style=\"width: 400px;\" src=\"http:\/\/arabaciogluhukuk.com\/wp-content\/uploads\/2024\/09\/deport.jpg\" alt=\"\" srcset=\"http:\/\/arabaciogluhukuk.com\/wp-content\/uploads\/2024\/09\/deport.jpg 730w, http:\/\/arabaciogluhukuk.com\/wp-content\/uploads\/2024\/09\/deport-300x156.jpg 300w\" sizes=\"(max-width: 730px) 100vw, 730px\" \/><\/a><\/p><cite><a href=\"http:\/\/arabaciogluhukuk.com\/index.php\/2024\/09\/19\/deport-karari-nedir-deport-karari-nasil-kaldirilir\/\">Deport Karar\u0131 Nedir, Deport Karar\u0131 Nas\u0131l Kald\u0131r\u0131l\u0131r?<\/a><\/cite><\/blockquote><\/figure>\n\n\n\n<figure class=\"wp-block-pullquote is-style-default\"><blockquote class=\"has-text-color has-vivid-red-color\"><p><a href=\"http:\/\/arabaciogluhukuk.com\/index.php\/2024\/09\/19\/yabanci-tahdit-kodlari-ve-kodun-kaldirilmasi-davasi\/\"><img loading=\"lazy\" width=\"613\" height=\"306\" class=\"wp-image-747\" style=\"width: 400px;\" src=\"http:\/\/arabaciogluhukuk.com\/wp-content\/uploads\/2024\/09\/tahdit-kodu-nedir.jpg\" alt=\"\" srcset=\"http:\/\/arabaciogluhukuk.com\/wp-content\/uploads\/2024\/09\/tahdit-kodu-nedir.jpg 613w, http:\/\/arabaciogluhukuk.com\/wp-content\/uploads\/2024\/09\/tahdit-kodu-nedir-300x150.jpg 300w\" sizes=\"(max-width: 613px) 100vw, 613px\" \/><\/a><\/p><cite><a href=\"http:\/\/arabaciogluhukuk.com\/index.php\/2024\/09\/19\/yabanci-tahdit-kodlari-ve-kodun-kaldirilmasi-davasi\/\">Yabanc\u0131 Tahdit Kodlar\u0131 Ve Kodun Kald\u0131r\u0131lmas\u0131 Davas\u0131<\/a><\/cite><\/blockquote><\/figure>\n\n\n\n<figure class=\"wp-block-pullquote is-style-default\"><blockquote class=\"has-text-color has-vivid-red-color\"><p><a href=\"http:\/\/arabaciogluhukuk.com\/index.php\/2024\/09\/19\/vize-ihlali-cezasi-ve-hesaplamasi\/\"><img loading=\"lazy\" width=\"616\" height=\"396\" class=\"wp-image-748\" style=\"width: 400px;\" src=\"http:\/\/arabaciogluhukuk.com\/wp-content\/uploads\/2024\/09\/VIZE-IHLALI-CEZASI-VE-HESAPLAMASI.png\" alt=\"\" srcset=\"http:\/\/arabaciogluhukuk.com\/wp-content\/uploads\/2024\/09\/VIZE-IHLALI-CEZASI-VE-HESAPLAMASI.png 616w, http:\/\/arabaciogluhukuk.com\/wp-content\/uploads\/2024\/09\/VIZE-IHLALI-CEZASI-VE-HESAPLAMASI-300x193.png 300w\" sizes=\"(max-width: 616px) 100vw, 616px\" \/><\/a><\/p><cite><a href=\"http:\/\/arabaciogluhukuk.com\/index.php\/2024\/09\/19\/vize-ihlali-cezasi-ve-hesaplamasi\/\">Vize \u0130hlali Cezas\u0131 Ve Hesaplamas\u0131<\/a><\/cite><\/blockquote><\/figure>\n\n\n\n<figure class=\"wp-block-pullquote is-style-default\"><blockquote class=\"has-text-color has-vivid-red-color\"><p><a href=\"http:\/\/arabaciogluhukuk.com\/index.php\/2024\/09\/19\/oturma-izni-ikamet-izni-nasil-alinir\/\"><img loading=\"lazy\" width=\"600\" height=\"297\" class=\"wp-image-749\" style=\"width: 400px;\" src=\"http:\/\/arabaciogluhukuk.com\/wp-content\/uploads\/2024\/09\/turkiye-de-oturum-ikamet-izni-avukat-basvuru.jpg\" alt=\"\" srcset=\"http:\/\/arabaciogluhukuk.com\/wp-content\/uploads\/2024\/09\/turkiye-de-oturum-ikamet-izni-avukat-basvuru.jpg 600w, http:\/\/arabaciogluhukuk.com\/wp-content\/uploads\/2024\/09\/turkiye-de-oturum-ikamet-izni-avukat-basvuru-300x149.jpg 300w\" sizes=\"(max-width: 600px) 100vw, 600px\" \/><\/a><\/p><cite><a href=\"http:\/\/arabaciogluhukuk.com\/index.php\/2024\/09\/19\/oturma-izni-ikamet-izni-nasil-alinir\/\">Oturma \u0130zni (\u0130kamet \u0130zni) Nas\u0131l Al\u0131n\u0131r?<\/a><\/cite><\/blockquote><\/figure>\n\n\n\n<figure class=\"wp-block-pullquote is-style-default\"><blockquote class=\"has-text-color has-vivid-red-color\"><p><a href=\"http:\/\/arabaciogluhukuk.com\/index.php\/2024\/09\/19\/ikamet-izni-basvurusu-reddi-ve-sonuclari\/\"><img loading=\"lazy\" width=\"2048\" height=\"1538\" class=\"wp-image-776\" style=\"width: 400px;\" src=\"http:\/\/arabaciogluhukuk.com\/wp-content\/uploads\/2024\/09\/turkiye-ikamet-izni-avukat-2048x1538-1.jpg\" alt=\"\" srcset=\"http:\/\/arabaciogluhukuk.com\/wp-content\/uploads\/2024\/09\/turkiye-ikamet-izni-avukat-2048x1538-1.jpg 2048w, http:\/\/arabaciogluhukuk.com\/wp-content\/uploads\/2024\/09\/turkiye-ikamet-izni-avukat-2048x1538-1-300x225.jpg 300w, http:\/\/arabaciogluhukuk.com\/wp-content\/uploads\/2024\/09\/turkiye-ikamet-izni-avukat-2048x1538-1-1024x769.jpg 1024w, http:\/\/arabaciogluhukuk.com\/wp-content\/uploads\/2024\/09\/turkiye-ikamet-izni-avukat-2048x1538-1-768x577.jpg 768w, http:\/\/arabaciogluhukuk.com\/wp-content\/uploads\/2024\/09\/turkiye-ikamet-izni-avukat-2048x1538-1-1536x1154.jpg 1536w\" sizes=\"(max-width: 2048px) 100vw, 2048px\" \/><\/a><\/p><cite><a href=\"http:\/\/arabaciogluhukuk.com\/index.php\/2024\/09\/19\/ikamet-izni-basvurusu-reddi-ve-sonuclari\/\">\u0130kamet \u0130zni Ba\u015fvurusu Reddi Ve Sonu\u00e7lar\u0131<\/a><\/cite><\/blockquote><\/figure>\n","protected":false},"excerpt":{"rendered":"<p>Deport Karar\u0131 Nedir, Deport Karar\u0131 Nas\u0131l Kald\u0131r\u0131l\u0131r? Yabanc\u0131 Tahdit Kodlar\u0131 Ve Kodun Kald\u0131r\u0131lmas\u0131 Davas\u0131 Vize \u0130hlali Cezas\u0131 Ve Hesaplamas\u0131 Oturma \u0130zni (\u0130kamet \u0130zni) Nas\u0131l Al\u0131n\u0131r? \u0130kamet \u0130zni Ba\u015fvurusu Reddi Ve Sonu\u00e7lar\u0131<\/p>\n","protected":false},"author":1,"featured_media":0,"parent":0,"menu_order":0,"comment_status":"closed","ping_status":"closed","template":"","meta":{"spay_email":""},"_links":{"self":[{"href":"http:\/\/arabaciogluhukuk.com\/index.php\/wp-json\/wp\/v2\/pages\/20"}],"collection":[{"href":"http:\/\/arabaciogluhukuk.com\/index.php\/wp-json\/wp\/v2\/pages"}],"about":[{"href":"http:\/\/arabaciogluhukuk.com\/index.php\/wp-json\/wp\/v2\/types\/page"}],"author":[{"embeddable":true,"href":"http:\/\/arabaciogluhukuk.com\/index.php\/wp-json\/wp\/v2\/users\/1"}],"replies":[{"embeddable":true,"href":"http:\/\/arabaciogluhukuk.com\/index.php\/wp-json\/wp\/v2\/comments?post=20"}],"version-history":[{"count":15,"href":"http:\/\/arabaciogluhukuk.com\/index.php\/wp-json\/wp\/v2\/pages\/20\/revisions"}],"predecessor-version":[{"id":779,"href":"http:\/\/arabaciogluhukuk.com\/index.php\/wp-json\/wp\/v2\/pages\/20\/revisions\/779"}],"wp:attachment":[{"href":"http:\/\/arabaciogluhukuk.com\/index.php\/wp-json\/wp\/v2\/media?parent=20"}],"curies":[{"name":"wp","href":"https:\/\/api.w.org\/{rel}","templated":true}]}}